{"id":19,"date":"2020-10-06T09:08:34","date_gmt":"2020-10-06T07:08:34","guid":{"rendered":"https:\/\/woerter-see.de\/\/?page_id=19"},"modified":"2021-01-29T14:09:00","modified_gmt":"2021-01-29T13:09:00","slug":"kontakt","status":"publish","type":"page","link":"https:\/\/woerter-see.de\/en\/kontakt\/","title":{"rendered":"Contact"},"content":{"rendered":"<h1 style=\"text-align: center;\">Contact<\/h1>\n<p style=\"text-align: center; font-size: 2rem;\">W\u00f6rterSee<br \/>\nFriedrich-Verleger-Stra\u00dfe 14<br \/>\n33602 Bielefeld<br \/>\n+49 (0)521 32 97 57-0<br \/>\ninfo@woerter-see.de<\/p>\n<p><a class=\"btn btn-default\" style=\"text-align: center; margin: 40px auto; display: block; width: 200px; color: #fff !important;\" href=\"https:\/\/www.google.com\/maps\/place\/W%C3%B6rterSee+Public+Relations\/@52.0230859,8.5355882,17z\/data=!3m1!4b1!4m5!3m4!1s0x47ba3d0e2c011e4d:0xa76fe6996dc10225!8m2!3d52.0230859!4d8.5377822\" target=\"_blank\" rel=\"noopener nofollow noreferrer\">Directions<\/a><\/p>\n","protected":false},"excerpt":{"rendered":"<p>Contact W\u00f6rterSee Friedrich-Verleger-Stra\u00dfe 14 33602 Bielefeld +49 (0)521 32 97 57-0 info@woerter-see.de Directions<\/p>\n","protected":false},"author":1,"featured_media":0,"parent":0,"menu_order":0,"comment_status":"closed","ping_status":"closed","template":"","meta":{"_acf_changed":false,"footnotes":""},"class_list":["post-19","page","type-page","status-publish","hentry"],"acf":[],"yoast_head":"<!-- This site is optimized with the Yoast SEO plugin v25.1 - https:\/\/yoast.com\/wordpress\/plugins\/seo\/ -->\n<title>Contact - W\u00f6rterSee<\/title>\n<meta name=\"robots\" content=\"index, follow, max-snippet:-1, max-image-preview:large, max-video-preview:-1\" \/>\n<link rel=\"canonical\" href=\"https:\/\/woerter-see.de\/kontakt\/\" \/>\n<meta property=\"og:locale\" content=\"en_US\" \/>\n<meta property=\"og:type\" content=\"article\" \/>\n<meta property=\"og:title\" content=\"Contact\" \/>\n<meta property=\"og:description\" content=\"Contact W\u00f6rterSee Friedrich-Verleger-Stra\u00dfe 14 33602 Bielefeld +49 (0)521 32 97 57-0 info@woerter-see.de Directions\" \/>\n<meta property=\"og:url\" content=\"https:\/\/woerter-see.de\/kontakt\/\" \/>\n<meta property=\"og:site_name\" content=\"W\u00f6rterSee\" \/>\n<meta property=\"article:modified_time\" content=\"2021-01-29T13:09:00+00:00\" \/>\n<meta name=\"twitter:card\" content=\"summary_large_image\" \/>\n<script type=\"application\/ld+json\" class=\"yoast-schema-graph\">{\"@context\":\"https:\/\/schema.org\",\"@graph\":[{\"@type\":\"WebPage\",\"@id\":\"https:\/\/woerter-see.de\/kontakt\/\",\"url\":\"https:\/\/woerter-see.de\/kontakt\/\",\"name\":\"[:en]Contact[:de]Kontakt[:] - W\u00f6rterSee\",\"isPartOf\":{\"@id\":\"https:\/\/woerter-see.de\/#website\"},\"datePublished\":\"2020-10-06T07:08:34+00:00\",\"dateModified\":\"2021-01-29T13:09:00+00:00\",\"breadcrumb\":{\"@id\":\"https:\/\/woerter-see.de\/kontakt\/#breadcrumb\"},\"inLanguage\":\"en-US\",\"potentialAction\":[{\"@type\":\"ReadAction\",\"target\":[\"https:\/\/woerter-see.de\/kontakt\/\"]}]},{\"@type\":\"BreadcrumbList\",\"@id\":\"https:\/\/woerter-see.de\/kontakt\/#breadcrumb\",\"itemListElement\":[{\"@type\":\"ListItem\",\"position\":1,\"name\":\"Startseite\",\"item\":\"https:\/\/woerter-see.de\/\"},{\"@type\":\"ListItem\",\"position\":2,\"name\":\"Kontakt\"}]},{\"@type\":\"WebSite\",\"@id\":\"https:\/\/woerter-see.de\/#website\",\"url\":\"https:\/\/woerter-see.de\/\",\"name\":\"W\u00f6rterSee\",\"description\":\"Public Relations - PR and Communication made in Bielefeld\",\"potentialAction\":[{\"@type\":\"SearchAction\",\"target\":{\"@type\":\"EntryPoint\",\"urlTemplate\":\"https:\/\/woerter-see.de\/?s={search_term_string}\"},\"query-input\":{\"@type\":\"PropertyValueSpecification\",\"valueRequired\":true,\"valueName\":\"search_term_string\"}}],\"inLanguage\":\"en-US\"}]}<\/script>\n<!-- \/ Yoast SEO plugin. -->","yoast_head_json":{"title":"Contact - W\u00f6rterSee","robots":{"index":"index","follow":"follow","max-snippet":"max-snippet:-1","max-image-preview":"max-image-preview:large","max-video-preview":"max-video-preview:-1"},"canonical":"https:\/\/woerter-see.de\/kontakt\/","og_locale":"en_US","og_type":"article","og_title":"[:en]Contact[:de]Kontakt[:] - W\u00f6rterSee","og_description":"Contact W\u00f6rterSee Friedrich-Verleger-Stra\u00dfe 14 33602 Bielefeld +49 (0)521 32 97 57-0 info@woerter-see.de Directions","og_url":"https:\/\/woerter-see.de\/kontakt\/","og_site_name":"W\u00f6rterSee","article_modified_time":"2021-01-29T13:09:00+00:00","twitter_card":"summary_large_image","schema":{"@context":"https:\/\/schema.org","@graph":[{"@type":"WebPage","@id":"https:\/\/woerter-see.de\/kontakt\/","url":"https:\/\/woerter-see.de\/kontakt\/","name":"[:en]Contact[:de]Kontakt[:] - W\u00f6rterSee","isPartOf":{"@id":"https:\/\/woerter-see.de\/#website"},"datePublished":"2020-10-06T07:08:34+00:00","dateModified":"2021-01-29T13:09:00+00:00","breadcrumb":{"@id":"https:\/\/woerter-see.de\/kontakt\/#breadcrumb"},"inLanguage":"en-US","potentialAction":[{"@type":"ReadAction","target":["https:\/\/woerter-see.de\/kontakt\/"]}]},{"@type":"BreadcrumbList","@id":"https:\/\/woerter-see.de\/kontakt\/#breadcrumb","itemListElement":[{"@type":"ListItem","position":1,"name":"Startseite","item":"https:\/\/woerter-see.de\/"},{"@type":"ListItem","position":2,"name":"Kontakt"}]},{"@type":"WebSite","@id":"https:\/\/woerter-see.de\/#website","url":"https:\/\/woerter-see.de\/","name":"W\u00f6rterSee","description":"Public Relations - PR and Communication made in Bielefeld","potentialAction":[{"@type":"SearchAction","target":{"@type":"EntryPoint","urlTemplate":"https:\/\/woerter-see.de\/?s={search_term_string}"},"query-input":{"@type":"PropertyValueSpecification","valueRequired":true,"valueName":"search_term_string"}}],"inLanguage":"en-US"}]}},"_links":{"self":[{"href":"https:\/\/woerter-see.de\/en\/wp-json\/wp\/v2\/pages\/19","targetHints":{"allow":["GET"]}}],"collection":[{"href":"https:\/\/woerter-see.de\/en\/wp-json\/wp\/v2\/pages"}],"about":[{"href":"https:\/\/woerter-see.de\/en\/wp-json\/wp\/v2\/types\/page"}],"author":[{"embeddable":true,"href":"https:\/\/woerter-see.de\/en\/wp-json\/wp\/v2\/users\/1"}],"replies":[{"embeddable":true,"href":"https:\/\/woerter-see.de\/en\/wp-json\/wp\/v2\/comments?post=19"}],"version-history":[{"count":36,"href":"https:\/\/woerter-see.de\/en\/wp-json\/wp\/v2\/pages\/19\/revisions"}],"predecessor-version":[{"id":11944,"href":"https:\/\/woerter-see.de\/en\/wp-json\/wp\/v2\/pages\/19\/revisions\/11944"}],"wp:attachment":[{"href":"https:\/\/woerter-see.de\/en\/wp-json\/wp\/v2\/media?parent=19"}],"curies":[{"name":"wp","href":"https:\/\/api.w.org\/{rel}","templated":true}]}}